{"id":8942,"date":"2026-02-16T22:38:23","date_gmt":"2026-02-16T21:38:23","guid":{"rendered":"https:\/\/www.asta.thm.de\/soiree-jeux-de-lasta-%f0%9f%a6%a6-de-la-thm\/"},"modified":"2026-02-23T13:13:47","modified_gmt":"2026-02-23T12:13:47","slug":"soiree-jeux-de-lasta-%f0%9f%a6%a6-de-la-thm","status":"publish","type":"page","link":"https:\/\/www.asta.thm.de\/fr\/soiree-jeux-de-lasta-%f0%9f%a6%a6-de-la-thm\/","title":{"rendered":"Soir\u00e9e jeux de l&rsquo;AStA \ud83e\udda6 de la THM"},"content":{"rendered":"\n<div class=\"wp-block-group is-layout-constrained wp-block-group-is-layout-constrained\">\n<h2 class=\"wp-block-heading\">Coul\u00e9e<\/h2>\n\n\n\n<p>\ud83d\udd52 Tous les lundis \u00e0 18h30<br\/>\ud83c\udfdb\ufe0f Giessen<br\/>\ud83c\udff0 C13<br\/>\ud83d\udeaa 1.10 &amp; 1.12<br\/>\ud83d\udccd https:\/\/maps.app.goo.gl\/StxEoEvCZd <a href=\"https:\/\/maps.app.goo.gl\/StxEoEvCZdLaCJuCA\" target=\"_blank\" rel=\"noreferrer noopener\">LaCJuCA<\/a><br\/><\/p>\n\n\n\n<div style=\"height:30px\" aria-hidden=\"true\" class=\"wp-block-spacer\"><\/div>\n<\/div>\n\n<h2 class=\"wp-block-heading\">Friedberg<\/h2>\n\n<p>\ud83d\udd52 Tous les mercredis, 19:00<br\/>\ud83c\udfeb Friedberg<br\/>\ud83c\udfe2 A8<br\/>\ud83d\udeaa 1.06 &amp; 1.07<br\/>\ud83d\udccd https:\/\/maps.app.goo.gl\/w23GbjH2Lf6xpdc <a href=\"https:\/\/maps.app.goo.gl\/w23GbjH2Lf6xpdco8\" target=\"_blank\" rel=\"noopener\">o8<\/a><\/p>\n\n<div style=\"height:30px\" aria-hidden=\"true\" class=\"wp-block-spacer\"><\/div>\n\n<h3 class=\"wp-block-heading\"><strong>Ce qui vous attend \ud83c\udfb4\ud83c\udfae\ud83c\udfb2\u265f\ufe0f :<\/strong><\/h3>\n\n<p>Envie de passer une soir\u00e9e de d\u00e9tente avec des jeux et une bonne compagnie ?<br\/>Lors de nos soir\u00e9es de jeux, vous jouez avec d&rsquo;autres camarades* :<\/p>\n\n<ul class=\"wp-block-list\">\n<li>Jeux de soci\u00e9t\u00e9<\/li>\n\n\n\n<li>Jeux de cartes<\/li>\n\n\n\n<li>Jouer \u00e0 des jeux sur console, par exemple avec votre propre Switch<\/li>\n<\/ul>\n\n<p>De nombreux jeux sont d\u00e9j\u00e0 disponibles. N&rsquo;h\u00e9sitez pas \u00e0 apporter vos propres favoris.<br\/>Chaque soir\u00e9e sera ainsi vari\u00e9e, d\u00e9tendue et conviviale.<br\/>Nous vous attendons avec impatience ! <\/p>\n\n<div style=\"height:30px\" aria-hidden=\"true\" class=\"wp-block-spacer\"><\/div>\n\n<h3 class=\"wp-block-heading\">\ud83d\udcac <strong>\u00c9change et inscription<\/strong><\/h3>\n\n<p>Pour l&rsquo;organisation et les \u00e9changes, il existe un groupe de discussion \u00e0 Giessen et \u00e0 Friedberg.<br\/>Le lien d&rsquo;acc\u00e8s vous sera fourni sur place sur demande.<\/p>\n\n<p><br\/><\/p>\n","protected":false},"excerpt":{"rendered":"<p>Coul\u00e9e \ud83d\udd52 Tous les lundis \u00e0 18h30\ud83c\udfdb\ufe0f Giessen\ud83c\udff0 C13\ud83d\udeaa 1.10 &amp; 1.12\ud83d\udccd https:\/\/maps.app.goo.gl\/StxEoEvCZd LaCJuCA Friedberg \ud83d\udd52 Tous les mercredis, 19:00\ud83c\udfeb Friedberg\ud83c\udfe2 A8\ud83d\udeaa 1.06 &amp; 1.07\ud83d\udccd https:\/\/maps.app.goo.gl\/w23GbjH2Lf6xpdc o8 Ce qui vous [&hellip;]<\/p>\n","protected":false},"author":4,"featured_media":0,"parent":0,"menu_order":0,"comment_status":"closed","ping_status":"closed","template":"","meta":{"_et_pb_use_builder":"off","_et_pb_old_content":"","_et_gb_content_width":"","footnotes":""},"class_list":["post-8942","page","type-page","status-publish","hentry"],"post_mailing_queue_ids":[],"_links":{"self":[{"href":"https:\/\/www.asta.thm.de\/fr\/wp-json\/wp\/v2\/pages\/8942","targetHints":{"allow":["GET"]}}],"collection":[{"href":"https:\/\/www.asta.thm.de\/fr\/wp-json\/wp\/v2\/pages"}],"about":[{"href":"https:\/\/www.asta.thm.de\/fr\/wp-json\/wp\/v2\/types\/page"}],"author":[{"embeddable":true,"href":"https:\/\/www.asta.thm.de\/fr\/wp-json\/wp\/v2\/users\/4"}],"replies":[{"embeddable":true,"href":"https:\/\/www.asta.thm.de\/fr\/wp-json\/wp\/v2\/comments?post=8942"}],"version-history":[{"count":2,"href":"https:\/\/www.asta.thm.de\/fr\/wp-json\/wp\/v2\/pages\/8942\/revisions"}],"predecessor-version":[{"id":8970,"href":"https:\/\/www.asta.thm.de\/fr\/wp-json\/wp\/v2\/pages\/8942\/revisions\/8970"}],"wp:attachment":[{"href":"https:\/\/www.asta.thm.de\/fr\/wp-json\/wp\/v2\/media?parent=8942"}],"curies":[{"name":"wp","href":"https:\/\/api.w.org\/{rel}","templated":true}]}}