{"id":3824,"date":"2023-08-10T09:06:54","date_gmt":"2023-08-10T07:06:54","guid":{"rendered":"https:\/\/www.asta.thm.de\/uniquement-a-partir-du-reseau-thm\/"},"modified":"2024-07-16T10:57:08","modified_gmt":"2024-07-16T08:57:08","slug":"uniquement-a-partir-du-reseau-thm","status":"publish","type":"page","link":"https:\/\/www.asta.thm.de\/fr\/uniquement-a-partir-du-reseau-thm\/","title":{"rendered":"Uniquement \u00e0 partir du r\u00e9seau THM &#8211; 403"},"content":{"rendered":"\n<figure class=\"wp-block-image alignleft size-medium\"><img loading=\"lazy\" decoding=\"async\" width=\"300\" height=\"300\" src=\"https:\/\/www.asta.thm.de\/wp-content\/uploads\/2023\/08\/AStA_Otter_404-300x300.png\" alt=\"Loutre AStA qui regarde d'un air interrogateur une roue dent&#xE9;e dans la main. En arri&#xE8;re-plan, un tas de roues dent&#xE9;es\" class=\"wp-image-3818\"\/><\/figure>\n\n<p class=\"has-small-font-size\">Pour des raisons de s\u00e9curit\u00e9, la <strong>page <\/strong>que tu as appel\u00e9e n&rsquo;est <strong>accessible que depuis le r\u00e9seau THM<\/strong>. Veuillez appeler \u00e0 nouveau la page que vous avez s\u00e9lectionn\u00e9e \u00e0 partir du r\u00e9seau WLAN ou VPN du THM.<\/p>\n\n<p class=\"has-small-font-size\">Si tu as besoin d&rsquo;aide pour utiliser le <a href=\"https:\/\/www.thm.de\/its\/campusnetz\/vpn.html\" target=\"_blank\" rel=\"noreferrer noopener\">VPN de la TH<\/a> M, adresse-toi \u00e0 l&rsquo;IT-S de la THM.<\/p>\n\n<p>Si tu arrives \u00e0 plusieurs reprises sur cette page \u00e0 partir du r\u00e9seau THM, proc\u00e8de comme suit :<\/p>\n\n<ol class=\"wp-block-list\">\n<li>Active d&rsquo;abord le VPN THM avant d&rsquo;ouvrir le navigateur<\/li>\n\n\n\n<li>Utilise un autre navigateur, active le mode incognito\/priv\u00e9 ou vide ton cache.<\/li>\n\n\n\n<li>Tape directement dans ta barre d&rsquo;adresse : antrag.asta.thm.de, si tu veux acc\u00e9der \u00e0 l&rsquo;outil de demande de l&rsquo;AStA<\/li>\n<\/ol>\n","protected":false},"excerpt":{"rendered":"<p>Pour des raisons de s\u00e9curit\u00e9, la page que tu as appel\u00e9e n&rsquo;est accessible que depuis le r\u00e9seau THM. Veuillez appeler \u00e0 nouveau la page que vous avez s\u00e9lectionn\u00e9e \u00e0 partir [&hellip;]<\/p>\n","protected":false},"author":4,"featured_media":0,"parent":0,"menu_order":0,"comment_status":"closed","ping_status":"closed","template":"","meta":{"_et_pb_use_builder":"off","_et_pb_old_content":"","_et_gb_content_width":"","footnotes":""},"class_list":["post-3824","page","type-page","status-publish","hentry"],"post_mailing_queue_ids":[],"_links":{"self":[{"href":"https:\/\/www.asta.thm.de\/fr\/wp-json\/wp\/v2\/pages\/3824","targetHints":{"allow":["GET"]}}],"collection":[{"href":"https:\/\/www.asta.thm.de\/fr\/wp-json\/wp\/v2\/pages"}],"about":[{"href":"https:\/\/www.asta.thm.de\/fr\/wp-json\/wp\/v2\/types\/page"}],"author":[{"embeddable":true,"href":"https:\/\/www.asta.thm.de\/fr\/wp-json\/wp\/v2\/users\/4"}],"replies":[{"embeddable":true,"href":"https:\/\/www.asta.thm.de\/fr\/wp-json\/wp\/v2\/comments?post=3824"}],"version-history":[{"count":9,"href":"https:\/\/www.asta.thm.de\/fr\/wp-json\/wp\/v2\/pages\/3824\/revisions"}],"predecessor-version":[{"id":5761,"href":"https:\/\/www.asta.thm.de\/fr\/wp-json\/wp\/v2\/pages\/3824\/revisions\/5761"}],"wp:attachment":[{"href":"https:\/\/www.asta.thm.de\/fr\/wp-json\/wp\/v2\/media?parent=3824"}],"curies":[{"name":"wp","href":"https:\/\/api.w.org\/{rel}","templated":true}]}}