{"id":2601,"date":"2023-05-14T19:36:33","date_gmt":"2023-05-14T17:36:33","guid":{"rendered":"https:\/\/www.asta.thm.de\/protection-des-donnees\/"},"modified":"2023-07-17T20:30:32","modified_gmt":"2023-07-17T18:30:32","slug":"protection-des-donnees","status":"publish","type":"page","link":"https:\/\/www.asta.thm.de\/fr\/protection-des-donnees\/","title":{"rendered":"Protection des donn\u00e9es"},"content":{"rendered":"\n<h2 class=\"wp-block-heading\">Qui sommes-nous ?<\/h2>\n\n<p>Nous sommes le comit\u00e9 g\u00e9n\u00e9ral des \u00e9tudiants de la Technische Hochschule Mittelhessen, en abr\u00e9g\u00e9 AStA. Nous repr\u00e9sentons vos int\u00e9r\u00eats aupr\u00e8s de l&rsquo;universit\u00e9.<\/p>\n\n<p>L&rsquo;adresse de notre site web est la suivante : https:\/\/www.asta.thm.de.<\/p>\n\n<h2 class=\"wp-block-heading\">Quelles donn\u00e9es personnelles nous collectons et pourquoi nous les collectons<\/h2>\n\n<h3 class=\"wp-block-heading\">Commentaires<\/h3>\n\n<p>Lorsque les visiteurs \u00e9crivent des commentaires sur le site, nous collectons les donn\u00e9es affich\u00e9es dans le formulaire de commentaire, ainsi que l&rsquo;adresse IP du visiteur et la cha\u00eene de l&rsquo;agent utilisateur (qui permet d&rsquo;identifier le navigateur) afin d&rsquo;aider \u00e0 la d\u00e9tection des spams.<\/p>\n\n<p>Une cha\u00eene de caract\u00e8res anonymis\u00e9e (\u00e9galement appel\u00e9e hash) peut \u00eatre cr\u00e9\u00e9e \u00e0 partir de ton adresse e-mail et transmise au service Gravatar afin de v\u00e9rifier si tu l&rsquo;utilises. Tu trouveras la d\u00e9claration de confidentialit\u00e9 du service Gravatar ici : https:\/\/automattic.com\/privacy\/. Une fois ton commentaire valid\u00e9, ta photo de profil est visible publiquement dans le contexte de ton commentaire.<\/p>\n\n<h3 class=\"wp-block-heading\">M\u00e9dias<\/h3>\n\n<p>Si tu es un utilisateur enregistr\u00e9 et que tu t\u00e9l\u00e9charges des photos sur ce site, tu dois \u00e9viter de t\u00e9l\u00e9charger des photos avec une localisation EXIF-GPS. Les visiteurs de ce site pourraient t\u00e9l\u00e9charger des photos stock\u00e9es sur ce site et en extraire des informations sur leur localisation.<\/p>\n\n<h3 class=\"wp-block-heading\">Formulaires de contact<\/h3>\n\n<p>Si tu utilises un formulaire de contact, ton adresse e-mail et ton nom seront transmis au membre comp\u00e9tent de l&rsquo;AStA. Ces donn\u00e9es sont utilis\u00e9es pour te contacter au sujet de questions ou de r\u00e9ponses \u00e0 ta demande. Les donn\u00e9es ne seront pas stock\u00e9es sur nos serveurs ni utilis\u00e9es \u00e0 des fins autres que celles n\u00e9cessaires pour r\u00e9pondre \u00e0 ta demande. Le membre de l&rsquo;AStA peut \u00e9ventuellement continuer \u00e0 stocker les e-mails afin de continuer \u00e0 te contacter en rapport avec la demande.<\/p>\n\n<h3 class=\"wp-block-heading\">Cookies<\/h3>\n\n<p>Si tu \u00e9cris un commentaire sur notre site web, cela peut constituer un consentement pour que ton nom, ton adresse e-mail et ton site web soient enregistr\u00e9s dans des cookies. Il s&rsquo;agit d&rsquo;une fonction de confort qui t&rsquo;\u00e9vite de devoir saisir \u00e0 nouveau toutes ces donn\u00e9es lorsque tu \u00e9cris un autre commentaire. Ces cookies sont conserv\u00e9s pendant un an.<\/p>\n\n<p>Si tu as un compte et que tu te connectes sur ce site, nous placerons un cookie temporaire afin de d\u00e9terminer si ton navigateur accepte les cookies. Ce cookie ne contient aucune donn\u00e9e personnelle et est supprim\u00e9 lorsque tu fermes ton navigateur.<\/p>\n\n<p>Lorsque tu t&rsquo;inscris, nous installons certains cookies pour m\u00e9moriser tes informations de connexion et tes options d&rsquo;affichage. Les cookies de connexion expirent apr\u00e8s deux jours et les cookies des options d&rsquo;affichage apr\u00e8s un an. Si tu s\u00e9lectionnes \u00ab\u00a0Rester connect\u00e9\u00a0\u00bb lors de ton inscription, ton inscription sera maintenue pendant deux semaines. Lorsque tu te d\u00e9connectes de ton compte, les cookies de connexion sont supprim\u00e9s.<\/p>\n\n<p>Lorsque tu \u00e9dites ou publies un article, un cookie suppl\u00e9mentaire est enregistr\u00e9 dans ton navigateur. Ce cookie ne contient pas de donn\u00e9es personnelles et ne fait r\u00e9f\u00e9rence qu&rsquo;\u00e0 l&rsquo;identifiant de l&rsquo;article que tu viens de modifier. Le cookie expire au bout d&rsquo;un jour.<\/p>\n\n<h3 class=\"wp-block-heading\">Contenu int\u00e9gr\u00e9 d&rsquo;autres sites web<\/h3>\n\n<p>Les contributions sur ce site web peuvent contenir des contenus int\u00e9gr\u00e9s (par exemple des vid\u00e9os, des images, des articles, etc.). Les contenus int\u00e9gr\u00e9s d&rsquo;autres sites web se comportent exactement comme si le visiteur avait visit\u00e9 l&rsquo;autre site web.<\/p>\n\n<p>Ces sites peuvent collecter des donn\u00e9es te concernant, utiliser des cookies, int\u00e9grer des services de suivi suppl\u00e9mentaires de tiers et enregistrer ton interaction avec ce contenu int\u00e9gr\u00e9, y compris ton interaction avec le contenu int\u00e9gr\u00e9 si tu as un compte et si tu es connect\u00e9 \u00e0 ce site.<\/p>\n\n<h3 class=\"wp-block-heading\">Services d&rsquo;analyse<\/h3>\n\n<p>Nous n&rsquo;utilisons pas de services d&rsquo;analyse sur notre site web.<\/p>\n\n<h2 class=\"wp-block-heading\">Avec qui nous partageons tes donn\u00e9es<\/h2>\n\n<p>Nous essayons de collecter le moins de donn\u00e9es possible. Dans la mesure du possible, nous n&rsquo;utilisons pas de services externes qui ont acc\u00e8s \u00e0 tes donn\u00e9es.<\/p>\n\n<h2 class=\"wp-block-heading\">Combien de temps nous conservons tes donn\u00e9es<\/h2>\n\n<p>Lorsque tu \u00e9cris un commentaire, celui-ci est enregistr\u00e9, y compris les m\u00e9tadonn\u00e9es, pour une dur\u00e9e illimit\u00e9e. De cette mani\u00e8re, nous pouvons d\u00e9tecter et valider automatiquement les commentaires de suivi au lieu de les garder dans une file d&rsquo;attente de mod\u00e9ration.<\/p>\n\n<p>Pour les utilisateurs qui s&rsquo;inscrivent sur notre site, nous enregistrons en outre les informations personnelles qu&rsquo;ils fournissent dans leur profil d&rsquo;utilisateur. Tous les utilisateurs peuvent \u00e0 tout moment consulter, modifier ou supprimer leurs informations personnelles (le nom d&rsquo;utilisateur ne peut pas \u00eatre modifi\u00e9). Les administrateurs du site peuvent \u00e9galement consulter et modifier ces informations.<\/p>\n\n<h2 class=\"wp-block-heading\">Quels sont tes droits sur tes donn\u00e9es ?<\/h2>\n\n<p>Si tu as un compte sur ce site ou si tu as \u00e9crit des commentaires, tu peux nous demander d&rsquo;exporter tes donn\u00e9es personnelles, y compris toutes les donn\u00e9es que tu nous as fournies. En outre, tu peux demander la suppression de toutes les donn\u00e9es personnelles que nous d\u00e9tenons \u00e0 ton sujet. Cela ne comprend pas les donn\u00e9es que nous devons conserver en raison de n\u00e9cessit\u00e9s administratives, juridiques ou de s\u00e9curit\u00e9.<\/p>\n\n<h2 class=\"wp-block-heading\">O\u00f9 nous envoyons tes donn\u00e9es<\/h2>\n\n<p>Les commentaires des visiteurs pourraient \u00eatre examin\u00e9s par un service automatis\u00e9 de d\u00e9tection des spams.<\/p>\n\n<h2 class=\"wp-block-heading\">Tes informations de contact<\/h2>\n\n<p>Pour toute question relative \u00e0 la protection des donn\u00e9es, tu peux t&rsquo;adresser \u00e0 l&rsquo;adresse suivante :<\/p>\n\n<p>AStA de l&rsquo;Universit\u00e9 technique de Hesse moyenne<br\/>Unit\u00e9 informatique<br\/>14, rue des Pr\u00e9s<br\/>35390 Giessen<\/p>\n\n<p>it@asta.thm.de<\/p>\n","protected":false},"excerpt":{"rendered":"<p>Qui sommes-nous ? Nous sommes le comit\u00e9 g\u00e9n\u00e9ral des \u00e9tudiants de la Technische Hochschule Mittelhessen, en abr\u00e9g\u00e9 AStA. Nous repr\u00e9sentons vos int\u00e9r\u00eats aupr\u00e8s de l&rsquo;universit\u00e9. L&rsquo;adresse de notre site web [&hellip;]<\/p>\n","protected":false},"author":4,"featured_media":0,"parent":0,"menu_order":0,"comment_status":"closed","ping_status":"closed","template":"","meta":{"_et_pb_use_builder":"off","_et_pb_old_content":"","_et_gb_content_width":"","footnotes":""},"class_list":["post-2601","page","type-page","status-publish","hentry"],"post_mailing_queue_ids":[],"_links":{"self":[{"href":"https:\/\/www.asta.thm.de\/fr\/wp-json\/wp\/v2\/pages\/2601","targetHints":{"allow":["GET"]}}],"collection":[{"href":"https:\/\/www.asta.thm.de\/fr\/wp-json\/wp\/v2\/pages"}],"about":[{"href":"https:\/\/www.asta.thm.de\/fr\/wp-json\/wp\/v2\/types\/page"}],"author":[{"embeddable":true,"href":"https:\/\/www.asta.thm.de\/fr\/wp-json\/wp\/v2\/users\/4"}],"replies":[{"embeddable":true,"href":"https:\/\/www.asta.thm.de\/fr\/wp-json\/wp\/v2\/comments?post=2601"}],"version-history":[{"count":1,"href":"https:\/\/www.asta.thm.de\/fr\/wp-json\/wp\/v2\/pages\/2601\/revisions"}],"predecessor-version":[{"id":2603,"href":"https:\/\/www.asta.thm.de\/fr\/wp-json\/wp\/v2\/pages\/2601\/revisions\/2603"}],"wp:attachment":[{"href":"https:\/\/www.asta.thm.de\/fr\/wp-json\/wp\/v2\/media?parent=2601"}],"curies":[{"name":"wp","href":"https:\/\/api.w.org\/{rel}","templated":true}]}}