{"id":2595,"date":"2023-05-14T19:36:50","date_gmt":"2023-05-14T17:36:50","guid":{"rendered":"https:\/\/www.asta.thm.de\/mentions-legales\/"},"modified":"2026-03-05T17:51:45","modified_gmt":"2026-03-05T16:51:45","slug":"mentions-legales","status":"publish","type":"page","link":"https:\/\/www.asta.thm.de\/fr\/mentions-legales\/","title":{"rendered":"Mentions l\u00e9gales"},"content":{"rendered":"\n<p>AStA de la Technische Hochschule Mittelhessen<br\/>Corporation de droit public<\/p>\n\n<p>Wiesenstra\u00dfe 14<br\/>35390 Gie\u00dfen<\/p>\n\n<p>T\u00e9l. : +49 (0) 641 309 1484<br\/>E-mail : <a href=\"mailto:sekretariat@asta.thm.de\" data-type=\"mailto\" data-id=\"mailto:sekretariat@asta.thm.de\">sekretariat@asta.thm.de<\/a><\/p>\n\n<h3 class=\"wp-block-heading\">Site de Giessen<\/h3>\n\n<p>B\u00e2timent C13 2\u00e8me \u00e9tage<br\/>Eichg\u00e4rtenallee 1<br\/>35394 Gie\u00dfen<\/p>\n\n<h3 class=\"wp-block-heading\">Site de Friedberg<\/h3>\n\n<p>B\u00e2timent A3 EG<br\/>Wilhelm-Leuschner-Stra\u00dfe 13<br\/>61169 Friedberg (Hessen)<\/p>\n\n<h3 class=\"wp-block-heading\"><\/h3>\n\n<h2 class=\"wp-block-heading\">Responsable du contenu (selon \u00a7 55 Abs. 2 RStV)<\/h2>\n\n<p>Pr\u00e9sidence de l&rsquo;AStA de la THM<br\/><em>Luc Labonte<\/em><br\/><a href=\"mailto:vorsitz@asta.thm.de\">vorsitz@asta.thm.de<\/a><\/p>\n\n<p>Vice-pr\u00e9sident de l&rsquo;AStA de la THM<br\/> Hendrik<em>Zilg<\/em><br\/><a href=\"mailto:vorsitz@asta.thm.de\">vorsitz@asta.thm.de<\/a><\/p>\n\n<h2 class=\"wp-block-heading\">Droit d&rsquo;auteur<\/h2>\n\n<a rel=\"license noopener\" href=\"http:\/\/creativecommons.org\/licenses\/by-nc-sa\/4.0\/\" target=\"_blank\"><img decoding=\"async\" alt=\"Contrat de licence Creative Commons\" style=\"border-width:0\" src=\"https:\/\/i.creativecommons.org\/l\/by-nc-sa\/4.0\/88x31.png\"\/><\/a><br\/>Les articles de ce site sont sous <a rel=\"license noopener\" href=\"http:\/\/creativecommons.org\/licenses\/by-nc-sa\/4.0\/\" target=\"_blank\">licence Creative Commons Attribution &#8211; Pas d&rsquo;Utilisation Commerciale &#8211; Partage \u00e0 l&rsquo;Identique 4.0 International<\/a>.<br\/><br\/>Cela exclut toutes les images et graphiques, sauf indication contraire !\n","protected":false},"excerpt":{"rendered":"<p>AStA de la Technische Hochschule MittelhessenCorporation de droit public Wiesenstra\u00dfe 1435390 Gie\u00dfen T\u00e9l. : +49 (0) 641 309 1484E-mail : sekretariat@asta.thm.de Site de Giessen B\u00e2timent C13 2\u00e8me \u00e9tageEichg\u00e4rtenallee 135394 Gie\u00dfen [&hellip;]<\/p>\n","protected":false},"author":4,"featured_media":0,"parent":0,"menu_order":0,"comment_status":"closed","ping_status":"closed","template":"","meta":{"_et_pb_use_builder":"off","_et_pb_old_content":"","_et_gb_content_width":"","footnotes":""},"class_list":["post-2595","page","type-page","status-publish","hentry"],"post_mailing_queue_ids":[],"_links":{"self":[{"href":"https:\/\/www.asta.thm.de\/fr\/wp-json\/wp\/v2\/pages\/2595","targetHints":{"allow":["GET"]}}],"collection":[{"href":"https:\/\/www.asta.thm.de\/fr\/wp-json\/wp\/v2\/pages"}],"about":[{"href":"https:\/\/www.asta.thm.de\/fr\/wp-json\/wp\/v2\/types\/page"}],"author":[{"embeddable":true,"href":"https:\/\/www.asta.thm.de\/fr\/wp-json\/wp\/v2\/users\/4"}],"replies":[{"embeddable":true,"href":"https:\/\/www.asta.thm.de\/fr\/wp-json\/wp\/v2\/comments?post=2595"}],"version-history":[{"count":7,"href":"https:\/\/www.asta.thm.de\/fr\/wp-json\/wp\/v2\/pages\/2595\/revisions"}],"predecessor-version":[{"id":9086,"href":"https:\/\/www.asta.thm.de\/fr\/wp-json\/wp\/v2\/pages\/2595\/revisions\/9086"}],"wp:attachment":[{"href":"https:\/\/www.asta.thm.de\/fr\/wp-json\/wp\/v2\/media?parent=2595"}],"curies":[{"name":"wp","href":"https:\/\/api.w.org\/{rel}","templated":true}]}}